{"id":78,"date":"2016-09-21T13:17:39","date_gmt":"2016-09-21T17:17:39","guid":{"rendered":"http:\/\/jcp.ca\/fr\/?page_id=78"},"modified":"2017-11-07T10:30:20","modified_gmt":"2017-11-07T15:30:20","slug":"accueil","status":"publish","type":"page","link":"https:\/\/jcp.ca\/fr\/","title":{"rendered":"Accueil"},"content":{"rendered":"Bienvenue au Programme de consultation pour la magistrature (PCM). Le PCM offre aux juges de nomination f\u00e9d\u00e9rale et provinciale en exercice ou \u00e0 la retraite, aux juges de paix, aux conseillers-ma\u00eetres, aux protonotaires ainsi qu&rsquo;aux membres de leurs familles, y inclus les conjoint\/es et enfants \u00e9ligibles (soit ag\u00e9 de moins de 21 ans, soit ag\u00e9 de moins de 25 et fr\u00e9quente une \u00e9cole, un coll\u00e8ge ou une universit\u00e9 reconnu \u00e0 temps plein, soit une personne de plus de 20 ans ou de plus de 24 ans qui \u00e9tait une personne \u00e0 charge selon la d\u00e9finition ci-dessus, quand elle est devenue incapable de subvenir \u00e0 ses besoins \u00e0 cause d&rsquo;une incapacit\u00e9 mentale et physique et d\u00e9pend par cons\u00e9quent essentiellement du souscripteur pour son entretien), des services de counseling \u00e0 <strong>court terme<\/strong> et des solutions pour concilier la vie professionnelle et familiale en dehors du milieu de travail, dans une atmosph\u00e8re de compr\u00e9hension propice \u00e0 la r\u00e9solution de probl\u00e8mes personnels et dans la plus stricte intimit\u00e9.\r\n\r\nIl suffit de quelques minutes pour obtenir un soutien confidentiel et trouver des solutions \u00e0 des probl\u00e8mes personnels.","protected":false},"excerpt":{"rendered":"<p>Bienvenue au Programme de consultation pour la magistrature (PCM). Le PCM offre aux juges de nomination f\u00e9d\u00e9rale et provinciale en exercice ou \u00e0 la retraite, aux juges de paix, aux conseillers-ma\u00eetres, aux protonotaires ainsi qu&rsquo;aux membres de leurs familles, y inclus les conjoint\/es et enfants \u00e9ligibles (soit ag\u00e9 de moins de 21 ans, soit ag\u00e9<a class=\"excerpt-read-more\" href=\"https:\/\/jcp.ca\/fr\/\" title=\"ReadAccueil\">&#8230; Read more &raquo;<\/a><\/p>\n","protected":false},"author":1,"featured_media":0,"parent":0,"menu_order":0,"comment_status":"closed","ping_status":"closed","template":"template-home.php","meta":{"_acf_changed":false,"footnotes":""},"class_list":["post-78","page","type-page","status-publish","hentry"],"acf":[],"aioseo_notices":[],"_links":{"self":[{"href":"https:\/\/jcp.ca\/fr\/wp-json\/wp\/v2\/pages\/78","targetHints":{"allow":["GET"]}}],"collection":[{"href":"https:\/\/jcp.ca\/fr\/wp-json\/wp\/v2\/pages"}],"about":[{"href":"https:\/\/jcp.ca\/fr\/wp-json\/wp\/v2\/types\/page"}],"author":[{"embeddable":true,"href":"https:\/\/jcp.ca\/fr\/wp-json\/wp\/v2\/users\/1"}],"replies":[{"embeddable":true,"href":"https:\/\/jcp.ca\/fr\/wp-json\/wp\/v2\/comments?post=78"}],"version-history":[{"count":4,"href":"https:\/\/jcp.ca\/fr\/wp-json\/wp\/v2\/pages\/78\/revisions"}],"predecessor-version":[{"id":508,"href":"https:\/\/jcp.ca\/fr\/wp-json\/wp\/v2\/pages\/78\/revisions\/508"}],"wp:attachment":[{"href":"https:\/\/jcp.ca\/fr\/wp-json\/wp\/v2\/media?parent=78"}],"curies":[{"name":"wp","href":"https:\/\/api.w.org\/{rel}","templated":true}]}}